{"id":353,"date":"2022-03-04T01:03:58","date_gmt":"2022-03-04T00:03:58","guid":{"rendered":"https:\/\/www.atlantis-bildungszentrum.de\/?page_id=353"},"modified":"2026-04-25T15:32:19","modified_gmt":"2026-04-25T13:32:19","slug":"telc-c1-hochschule","status":"publish","type":"page","link":"https:\/\/www.atlantis-bildungszentrum.de\/index.php\/telc-c1-hochschule\/","title":{"rendered":"telc C1"},"content":{"rendered":"<div class=\"wpb-content-wrapper\"><div  data-delay=\"0\" data-vc-full-width=\"true\" data-vc-full-width-init=\"false\" class=\"vc_row wpb_row vc_row-fluid vc_custom_1608165613015 vc_row-o-equal-height vc_row-o-content-top vc_row-flex\"><div class=\"signature-content wpb_animate_when_almost_visible wpb_fadeInLeft fadeInLeft wpb_column vc_column_container vc_col-sm-12\" data-delay=\"100\"><div class=\"vc_column-inner \"><div class=\"wpb_wrapper\"><div class=\"vc_row wpb_row vc_inner vc_row-fluid\"><div class=\"wpb_column vc_column_container vc_col-sm-12\"><div class=\"vc_column-inner \"><div class=\"wpb_wrapper\"><h2 style=\"font-size: 30px;line-height: 40px;text-align: left\" class=\"vc_custom_heading vcr_heading-right\" >telc C1<\/h2><h3 style=\"font-size: 20px;line-height: 30px;text-align: left\" class=\"vc_custom_heading vcr_heading-right\" >Pr\u00fcfungstermine und Geb\u00fchren<\/h3>\n\t<div class=\"wpb_text_column wpb_content_element  vc_custom_1777123934722\" >\n\t\t<div class=\"wpb_wrapper\">\n\t\t\t<p>PR\u00dcFUNG\u00a0 \u00a0 \u00a0 \u00a0 \u00a0 \u00a0 \u00a0 PR\u00dcFUNGSTERM\u0130NE\u00a0 \u00a0PR\u00dcFUNGSGEB\u00dcHR\u00a0 \u00a0 \u00a0STATUS<\/p>\n<p>telc Deutsch C1 \u00a0 \u00a0 \u00a0 \u00a0 \u00a0 \u00a0 \u00a0 \u00a0 30.05.2026 \u00a0 \u00a0 \u00a0 \u00a0 \u00a0 \u00a0 \u00a0 \u00a0 \u00a0300,00 \u20ac\u00a0 \u00a0 \u00a0 \u00a0 \u00a0 \u00a0 \u00a0 \u00a0 \u00a0 \u00a0 Anmeldung<\/p>\n<p>telc Deutsch C1 \u00a0 \u00a0 \u00a0 \u00a0 \u00a0 \u00a0 \u00a0 \u00a0 27.06.2026 \u00a0 \u00a0 \u00a0 \u00a0 \u00a0 \u00a0 \u00a0 \u00a0 300,00 \u20ac\u00a0 \u00a0 \u00a0 \u00a0 \u00a0 \u00a0 \u00a0 \u00a0 \u00a0 \u00a0 \u00a0Anmeldung<\/p>\n<p>telc Deutsch C1 \u00a0 \u00a0 \u00a0 \u00a0 \u00a0 \u00a0 \u00a0 \u00a0 11.07.2026 \u00a0 \u00a0 \u00a0 \u00a0 \u00a0 \u00a0 \u00a0 \u00a0 300,00 \u20ac\u00a0 \u00a0 \u00a0 \u00a0 \u00a0 \u00a0 \u00a0 \u00a0 \u00a0 \u00a0 \u00a0Anmeldung<\/p>\n<p>telc Deutsch C1 \u00a0 \u00a0 \u00a0 \u00a0 \u00a0 \u00a0 \u00a0 \u00a0 26.09.2026 \u00a0 \u00a0 \u00a0 \u00a0 \u00a0 \u00a0 \u00a0 \u00a0 300,00 \u20ac\u00a0 \u00a0 \u00a0 \u00a0 \u00a0 \u00a0 \u00a0 \u00a0 \u00a0 \u00a0 \u00a0Anmeldung<\/p>\n<p>telc Deutsch C1 \u00a0 \u00a0 \u00a0 \u00a0 \u00a0 \u00a0 \u00a0 \u00a0 31.10.2026 \u00a0 \u00a0 \u00a0 \u00a0 \u00a0 \u00a0 \u00a0 \u00a0 300,00 \u20ac\u00a0 \u00a0 \u00a0 \u00a0 \u00a0 \u00a0 \u00a0 \u00a0 \u00a0 \u00a0 \u00a0Anmeldung<\/p>\n<p>telc Deutsch C1 \u00a0 \u00a0 \u00a0 \u00a0 \u00a0 \u00a0 \u00a0 \u00a0 28.11.2026 \u00a0 \u00a0 \u00a0 \u00a0 \u00a0 \u00a0 \u00a0 \u00a0 300,00 \u20ac\u00a0 \u00a0 \u00a0 \u00a0 \u00a0 \u00a0 \u00a0 \u00a0 \u00a0 \u00a0 \u00a0Anmeldung<\/p>\n<p>telc Deutsch C1 \u00a0 \u00a0 \u00a0 \u00a0 \u00a0 \u00a0 \u00a0 \u00a0 19.12.2026 \u00a0 \u00a0 \u00a0 \u00a0 \u00a0 \u00a0 \u00a0 \u00a0 300,00 \u20ac\u00a0 \u00a0 \u00a0 \u00a0 \u00a0 \u00a0 \u00a0 \u00a0 \u00a0 \u00a0 \u00a0Anmeldung<\/p>\n\n\t\t<\/div>\n\t<\/div>\n<\/div><\/div><\/div><\/div><div class=\"vc_row wpb_row vc_inner vc_row-fluid vc_row-o-content-top vc_row-flex\"><div class=\"wpb_column vc_column_container vc_col-sm-12\"><div class=\"vc_column-inner \"><div class=\"wpb_wrapper\">\n\t<div class=\"wpb_raw_code wpb_raw_html wpb_content_element\" >\n\t\t<div class=\"wpb_wrapper\">\n\t\t\t\n\t\t<\/div>\n\t<\/div>\n<\/div><\/div><\/div><\/div><\/div><\/div><\/div><\/div><div class=\"vc_row-full-width vc_clearfix\"><\/div><!-- Row Backgrounds --><div class=\"upb_bg_img\" data-ultimate-bg=\"url(http:\/\/creasolution.de\/atlantis2020\/wp-content\/uploads\/2019\/01\/fw10.png)\" data-image-id=\"id^18408|url^http:\/\/creasolution.de\/atlantis2020\/wp-content\/uploads\/2019\/01\/fw10.png|caption^null|alt^img|title^fw10|description^null\" data-ultimate-bg-style=\"vcpb-vz-jquery\" data-bg-img-repeat=\"no-repeat\" data-bg-img-size=\"initial\" data-bg-img-position=\"\" data-parallx_sense=\"30\" data-bg-override=\"0\" data-bg_img_attach=\"scroll\" data-upb-overlay-color=\"\" data-upb-bg-animation=\"\" data-fadeout=\"\" data-bg-animation=\"left-animation\" data-bg-animation-type=\"h\" data-animation-repeat=\"repeat\" data-fadeout-percentage=\"30\" data-parallax-content=\"\" data-parallax-content-sense=\"30\" data-row-effect-mobile-disable=\"true\" data-img-parallax-mobile-disable=\"true\" data-rtl=\"false\"  data-custom-vc-row=\"\"  data-vc=\"7.9\"  data-is_old_vc=\"\"  data-theme-support=\"\"   data-overlay=\"false\" data-overlay-color=\"\" data-overlay-pattern=\"\" data-overlay-pattern-opacity=\"\" data-overlay-pattern-size=\"\"    ><\/div>\n<\/div>","protected":false},"excerpt":{"rendered":"telc C1Pr\u00fcfungstermine und Geb\u00fchren PR\u00dcFUNG\u00a0 \u00a0 \u00a0 \u00a0 \u00a0 \u00a0 \u00a0 PR\u00dcFUNGSTERM\u0130NE\u00a0 \u00a0PR\u00dcFUNGSGEB\u00dcHR\u00a0 \u00a0 \u00a0STATUS telc Deutsch C1 \u00a0 \u00a0 \u00a0 \u00a0 \u00a0 \u00a0 \u00a0 \u00a0 30.05.2026 \u00a0 \u00a0 \u00a0 \u00a0 \u00a0 \u00a0 \u00a0 \u00a0 \u00a0300,00 \u20ac\u00a0 \u00a0 \u00a0 \u00a0 \u00a0 \u00a0 \u00a0 \u00a0 \u00a0 \u00a0 Anmeldung telc Deutsch C1 \u00a0 \u00a0 \u00a0 \u00a0 \u00a0 [...]","protected":false},"author":9,"featured_media":0,"parent":0,"menu_order":0,"comment_status":"closed","ping_status":"closed","template":"","meta":{"footnotes":""},"class_list":["post-353","page","type-page","status-publish","hentry"],"_links":{"self":[{"href":"https:\/\/www.atlantis-bildungszentrum.de\/index.php\/wp-json\/wp\/v2\/pages\/353","targetHints":{"allow":["GET"]}}],"collection":[{"href":"https:\/\/www.atlantis-bildungszentrum.de\/index.php\/wp-json\/wp\/v2\/pages"}],"about":[{"href":"https:\/\/www.atlantis-bildungszentrum.de\/index.php\/wp-json\/wp\/v2\/types\/page"}],"author":[{"embeddable":true,"href":"https:\/\/www.atlantis-bildungszentrum.de\/index.php\/wp-json\/wp\/v2\/users\/9"}],"replies":[{"embeddable":true,"href":"https:\/\/www.atlantis-bildungszentrum.de\/index.php\/wp-json\/wp\/v2\/comments?post=353"}],"version-history":[{"count":3,"href":"https:\/\/www.atlantis-bildungszentrum.de\/index.php\/wp-json\/wp\/v2\/pages\/353\/revisions"}],"predecessor-version":[{"id":608,"href":"https:\/\/www.atlantis-bildungszentrum.de\/index.php\/wp-json\/wp\/v2\/pages\/353\/revisions\/608"}],"wp:attachment":[{"href":"https:\/\/www.atlantis-bildungszentrum.de\/index.php\/wp-json\/wp\/v2\/media?parent=353"}],"curies":[{"name":"wp","href":"https:\/\/api.w.org\/{rel}","templated":true}]}}