{"id":83,"date":"2021-01-06T18:10:01","date_gmt":"2021-01-06T17:10:01","guid":{"rendered":"http:\/\/www.atlantis-bildungszentrum.de\/?page_id=83"},"modified":"2024-09-01T14:45:48","modified_gmt":"2024-09-01T12:45:48","slug":"kontakt","status":"publish","type":"page","link":"https:\/\/www.atlantis-bildungszentrum.de\/index.php\/kontakt\/","title":{"rendered":"Kontakt"},"content":{"rendered":"<div class=\"wpb-content-wrapper\"><div  data-delay=\"0\" data-vc-full-width=\"true\" data-vc-full-width-init=\"false\" data-vc-stretch-content=\"true\" class=\"vc_row wpb_row vc_row-fluid vc_custom_1545655531232 vc_row-no-padding\"><div class=\"aligncenter wpb_column vc_column_container vc_col-sm-12\" data-delay=\"0\"><div class=\"vc_column-inner \" style=\" text-align:center; \"><div class=\"wpb_wrapper\"><\/div><\/div><\/div><\/div><div class=\"vc_row-full-width vc_clearfix\"><\/div><div  style='background-position:right top !important;'  data-delay=\"0\" data-vc-full-width=\"true\" data-vc-full-width-init=\"false\" class=\"vc_row wpb_row vc_row-fluid vc_custom_1546238711913 vc_row-has-fill\"><div class=\"spacing-right dt-col-sm-12 wpb_column vc_column_container vc_col-sm-6\" data-delay=\"0\"><div class=\"vc_column-inner \"><div class=\"wpb_wrapper\"><h2 class=\"default-title \" data-delay='150'>Kontaktformular<\/h2><div class=\"wpforms-container wpforms-container-full wpforms-render-modern\" id=\"wpforms-568\"><form id=\"wpforms-form-568\" class=\"wpforms-validate wpforms-form wpforms-ajax-form\" data-formid=\"568\" method=\"post\" enctype=\"multipart\/form-data\" action=\"\/index.php\/wp-json\/wp\/v2\/pages\/83\" data-token=\"6646edcd23c264a39cdc8a6d63d171ac\" data-token-time=\"1777496546\"><noscript class=\"wpforms-error-noscript\">Bu formu bitirebilmek i\u00e7in taray\u0131c\u0131n\u0131zda JavaScript&#039;i etkinle\u015ftirin.<\/noscript><div class=\"wpforms-hidden\" id=\"wpforms-error-noscript\">Bu formu bitirebilmek i\u00e7in taray\u0131c\u0131n\u0131zda JavaScript&#039;i etkinle\u015ftirin.<\/div><div class=\"wpforms-field-container\"><div id=\"wpforms-568-field_4-container\" class=\"wpforms-field wpforms-field-name\" data-field-id=\"4\"><fieldset><legend class=\"wpforms-field-label\">Name <span class=\"wpforms-required-label\" aria-hidden=\"true\">*<\/span><\/legend><div class=\"wpforms-field-row wpforms-field-medium\"><div class=\"wpforms-field-row-block wpforms-first wpforms-one-half\"><input type=\"text\" id=\"wpforms-568-field_4\" class=\"wpforms-field-name-first wpforms-field-required\" name=\"wpforms[fields][4][first]\" placeholder=\"Vorname\" aria-errormessage=\"wpforms-568-field_4-error\" required><label for=\"wpforms-568-field_4\" class=\"wpforms-field-sublabel after wpforms-sublabel-hide\">Ad<\/label><\/div><div class=\"wpforms-field-row-block wpforms-one-half\"><input type=\"text\" id=\"wpforms-568-field_4-last\" class=\"wpforms-field-name-last wpforms-field-required\" name=\"wpforms[fields][4][last]\" placeholder=\"Nachname\" aria-errormessage=\"wpforms-568-field_4-last-error\" required><label for=\"wpforms-568-field_4-last\" class=\"wpforms-field-sublabel after wpforms-sublabel-hide\">Soyad<\/label><\/div><\/div><\/fieldset><\/div>\t\t<div id=\"wpforms-568-field_1-container\"\n\t\t\tclass=\"wpforms-field wpforms-field-text\"\n\t\t\tdata-field-type=\"text\"\n\t\t\tdata-field-id=\"1\"\n\t\t\t>\n\t\t\t<label class=\"wpforms-field-label\" for=\"wpforms-568-field_1\" >E-Mail-Adresse Name Nachricht<\/label>\n\t\t\t<input type=\"text\" id=\"wpforms-568-field_1\" class=\"wpforms-field-medium\" name=\"wpforms[fields][1]\" >\n\t\t<\/div>\n\t\t<div id=\"wpforms-568-field_2-container\" class=\"wpforms-field wpforms-field-email\" data-field-id=\"2\"><label class=\"wpforms-field-label\" for=\"wpforms-568-field_2\">E-Mail-Adresse <span class=\"wpforms-required-label\" aria-hidden=\"true\">*<\/span><\/label><input type=\"email\" id=\"wpforms-568-field_2\" class=\"wpforms-field-medium wpforms-field-required\" name=\"wpforms[fields][2]\" spellcheck=\"false\" aria-errormessage=\"wpforms-568-field_2-error\" required><\/div><div id=\"wpforms-568-field_3-container\" class=\"wpforms-field wpforms-field-textarea\" data-field-id=\"3\"><label class=\"wpforms-field-label\" for=\"wpforms-568-field_3\">Kommentar oder Nachricht<\/label><textarea id=\"wpforms-568-field_3\" class=\"wpforms-field-medium\" name=\"wpforms[fields][3]\" aria-errormessage=\"wpforms-568-field_3-error\" ><\/textarea><\/div><script>\n\t\t\t\t( function() {\n\t\t\t\t\tconst style = document.createElement( 'style' );\n\t\t\t\t\tstyle.appendChild( document.createTextNode( '#wpforms-568-field_1-container { position: absolute !important; overflow: hidden !important; display: inline !important; height: 1px !important; width: 1px !important; z-index: -1000 !important; padding: 0 !important; } #wpforms-568-field_1-container input { visibility: hidden; } #wpforms-conversational-form-page #wpforms-568-field_1-container label { counter-increment: none; }' ) );\n\t\t\t\t\tdocument.head.appendChild( style );\n\t\t\t\t\tdocument.currentScript?.remove();\n\t\t\t\t} )();\n\t\t\t<\/script><\/div><!-- .wpforms-field-container --><div class=\"wpforms-submit-container\" ><input type=\"hidden\" name=\"wpforms[id]\" value=\"568\"><input type=\"hidden\" name=\"page_title\" value=\"\"><input type=\"hidden\" name=\"page_url\" value=\"https:\/\/www.atlantis-bildungszentrum.de\/index.php\/wp-json\/wp\/v2\/pages\/83\"><input type=\"hidden\" name=\"url_referer\" value=\"\"><button type=\"submit\" name=\"wpforms[submit]\" id=\"wpforms-submit-568\" class=\"wpforms-submit\" data-alt-text=\"Wird gesendet\u00a0\u2026\" data-submit-text=\"Absenden\" aria-live=\"assertive\" value=\"wpforms-submit\">Absenden<\/button><img loading=\"lazy\" decoding=\"async\" src=\"https:\/\/www.atlantis-bildungszentrum.de\/wp-content\/plugins\/wpforms-lite\/assets\/images\/submit-spin.svg\" class=\"wpforms-submit-spinner\" style=\"display: none;\" width=\"26\" height=\"26\" alt=\"Y\u00fckleniyor\"><\/div><\/form><\/div>  <!-- .wpforms-container --><\/div><\/div><\/div><div class=\"dt-col-sm-12 wpb_column vc_column_container vc_col-sm-6\" data-delay=\"0\"><div class=\"vc_column-inner \"><div class=\"wpb_wrapper\">\n\t<div class=\"wpb_text_column wpb_content_element  wpb_animate_when_almost_visible wpb_fadeIn fadeIn vc_custom_1547890665484\" >\n\t\t<div class=\"wpb_wrapper\">\n\t\t\t<div class='dt-sc-small-separator '><\/div>\n\n\t\t<\/div>\n\t<\/div>\n<h2 class=\"default-heading \" data-delay='500'>B\u00fcrozeiten<\/h2><h6 class=\"default-heading \" data-delay='600'>\u00d6ffnungszeiten<\/h6><div class='dt-sc-contact-info   simple-type' data-delay='800'>Montag bis Freitag:\n09:00 bis 18:00 Uhr<\/div><div class='dt-sc-contact-info   simple-type' data-delay='500'><span class='fas fa-map-marker-alt'> <\/span><h6>Anschrift<\/h6>Bahnhofstra\u00dfe 23\n44623 Herne<\/div><div class='dt-sc-contact-info   simple-type' data-delay='600'><span class='fas fa-phone'> <\/span><h6>Telefon<\/h6>+49 2323 959 70 31<\/div><div class='dt-sc-contact-info   simple-type' data-delay='700'><span class='fas fa-envelope'> <\/span><h6>Email<\/h6><a href=\"mailto:info@atlantis-bildungszentrum.de\">info@atlantis-bildungszentrum.de<\/a><\/div><div id=\"1545379069271-e9e6fa2a-af73\" class=\"dt-sc-empty-space\"><\/div><h6 class=\"default-heading \" data-delay='800'>Folgen Sie uns:<\/h6><div id=\"1545379397362-94125922-392c\" class=\"dt-sc-empty-space\"><\/div><ul id='dt-1545213802338-44596e30-1c3b' data-delay='900' class='dt-sc-sociable extra-large left social-icons-large'\n                data-default-style = 'filled'\n                data-default-border-radius = 'no'\n                data-default-shape = 'circle'\n                data-hover-style = 'filled'\n                data-hover-border-radius = 'no'\n                data-hover-shape = 'circle'\n                ><li class=\"facebook\">  <a href=\"https:\/\/www.facebook.com\/Atlantisbildung\" title=\"\" target=\"_blank\">      <span class=\"dt-icon-default\"> <span><\/span> <\/span>      <i><\/i>      <span class=\"dt-icon-hover\"> <span><\/span> <\/span>  <\/a><\/li><li class=\"instagram\">  <a href=\"https:\/\/www.instagram.com\/atlantisbildungszentrum\/?hl=de\" title=\"\" target=\"_self\">      <span class=\"dt-icon-default\"> <span><\/span> <\/span>      <i><\/i>      <span class=\"dt-icon-hover\"> <span><\/span> <\/span>  <\/a><\/li><\/ul><\/div><\/div><\/div><\/div><div class=\"vc_row-full-width vc_clearfix\"><\/div><br \/>\n<b>Warning<\/b>:  Trying to access array offset on false in <b>\/home\/atlantisbildungs\/public_html\/wp-content\/plugins\/Ultimate_VC_Addons\/modules\/ultimate_parallax.php<\/b> on line <b>372<\/b><br \/>\n<br \/>\n<b>Warning<\/b>:  Trying to access array offset on false in <b>\/home\/atlantisbildungs\/public_html\/wp-content\/plugins\/Ultimate_VC_Addons\/modules\/ultimate_parallax.php<\/b> on line <b>372<\/b><br \/>\n<div  data-delay=\"0\" data-vc-full-width=\"true\" data-vc-full-width-init=\"false\" class=\"vc_row wpb_row vc_row-fluid mouse-hover-animation vc_custom_1546239873415 vc_row-has-fill\"><div class=\"wpb_column vc_column_container vc_col-sm-12\" data-delay=\"0\"><div class=\"vc_column-inner \"><div class=\"wpb_wrapper\"><div class=\"wpb_gmaps_widget wpb_content_element\"><div class=\"wpb_wrapper\"><div class=\"wpb_map_wraper\"><iframe src=\"https:\/\/www.google.com\/maps\/embed?pb=!1m18!1m12!1m3!1d2481.5921422078936!2d7.221272577739107!3d51.53904017182059!2m3!1f0!2f0!3f0!3m2!1i1024!2i768!4f13.1!3m3!1m2!1s0x47b8e18c22279c9b%3A0xdfd798aa698faee3!2sAtlantis%20Bildungszentrum%20%7C%20Nachhilfe%20%7C%20Deutschurse%20%7C%20Sprachkurse%20in%20Herne!5e0!3m2!1sde!2sde!4v1725187138425!5m2!1sde!2sde\" width=\"600\" height=\"450\" style=\"border:0;\" allowfullscreen=\"\" loading=\"lazy\" referrerpolicy=\"no-referrer-when-downgrade\"><\/iframe><\/div><\/div><\/div><\/div><\/div><\/div><\/div><div class=\"vc_row-full-width vc_clearfix\"><\/div><!-- Row Backgrounds --><div class=\"upb_bg_img\" data-ultimate-bg=\",\" data-ultimate-bg-style=\"vcpb-fs-jquery\" data-bg-img-repeat=\"repeat\" data-bg-img-size=\"cover\" data-bg-img-position=\"\" data-parallx_sense=\"60\" data-bg-override=\"0\" data-bg_img_attach=\"scroll\" data-upb-overlay-color=\"\" data-upb-bg-animation=\"\" data-fadeout=\"\" data-fadeout-percentage=\"30\" data-parallax-content=\"\" data-parallax-content-sense=\"30\" data-row-effect-mobile-disable=\"true\" data-img-parallax-mobile-disable=\"true\" data-rtl=\"false\"  data-custom-vc-row=\"\"  data-vc=\"7.9\"  data-is_old_vc=\"\"  data-theme-support=\"\"   data-overlay=\"false\" data-overlay-color=\"\" data-overlay-pattern=\"\" data-overlay-pattern-opacity=\"\" data-overlay-pattern-size=\"\"    ><\/div>\n<\/div>","protected":false},"excerpt":{"rendered":"KontaktformularBu formu bitirebilmek i\u00e7in taray\u0131c\u0131n\u0131zda JavaScript&#039;i etkinle\u015ftirin.Bu formu bitirebilmek i\u00e7in taray\u0131c\u0131n\u0131zda JavaScript&#039;i etkinle\u015ftirin.Name *AdSoyad Nachricht Kommentar E-Mail-Adresse E-Mail-Adresse *Kommentar oder NachrichtAbsenden B\u00fcrozeiten\u00d6ffnungszeitenMontag bis Freitag: 09:00 bis 18:00 Uhr AnschriftBahnhofstra\u00dfe 23 44623 Herne Telefon+49 2323 959 70 31 Emailinfo@atlantis-bildungszentrum.deFolgen Sie uns: Warning: Trying to access array offset on false in \/home\/atlantisbildungs\/public_html\/wp-content\/plugins\/Ultimate_VC_Addons\/modules\/ultimate_parallax.php on line 372 Warning: Trying [...]","protected":false},"author":9,"featured_media":0,"parent":0,"menu_order":0,"comment_status":"closed","ping_status":"closed","template":"","meta":{"footnotes":""},"class_list":["post-83","page","type-page","status-publish","hentry"],"_links":{"self":[{"href":"https:\/\/www.atlantis-bildungszentrum.de\/index.php\/wp-json\/wp\/v2\/pages\/83","targetHints":{"allow":["GET"]}}],"collection":[{"href":"https:\/\/www.atlantis-bildungszentrum.de\/index.php\/wp-json\/wp\/v2\/pages"}],"about":[{"href":"https:\/\/www.atlantis-bildungszentrum.de\/index.php\/wp-json\/wp\/v2\/types\/page"}],"author":[{"embeddable":true,"href":"https:\/\/www.atlantis-bildungszentrum.de\/index.php\/wp-json\/wp\/v2\/users\/9"}],"replies":[{"embeddable":true,"href":"https:\/\/www.atlantis-bildungszentrum.de\/index.php\/wp-json\/wp\/v2\/comments?post=83"}],"version-history":[{"count":13,"href":"https:\/\/www.atlantis-bildungszentrum.de\/index.php\/wp-json\/wp\/v2\/pages\/83\/revisions"}],"predecessor-version":[{"id":572,"href":"https:\/\/www.atlantis-bildungszentrum.de\/index.php\/wp-json\/wp\/v2\/pages\/83\/revisions\/572"}],"wp:attachment":[{"href":"https:\/\/www.atlantis-bildungszentrum.de\/index.php\/wp-json\/wp\/v2\/media?parent=83"}],"curies":[{"name":"wp","href":"https:\/\/api.w.org\/{rel}","templated":true}]}}