{"id":92,"date":"2021-01-06T18:13:03","date_gmt":"2021-01-06T17:13:03","guid":{"rendered":"http:\/\/www.atlantis-bildungszentrum.de\/?page_id=92"},"modified":"2021-01-06T19:52:38","modified_gmt":"2021-01-06T18:52:38","slug":"schulungskonzept","status":"publish","type":"page","link":"https:\/\/www.atlantis-bildungszentrum.de\/index.php\/schulungskonzept\/","title":{"rendered":"Schulungskonzept"},"content":{"rendered":"<div class=\"wpb-content-wrapper\"><div  data-delay=\"0\" class=\"vc_row wpb_row vc_row-fluid\"><div class=\"wpb_column vc_column_container vc_col-sm-12\" data-delay=\"0\"><div class=\"vc_column-inner \"><div class=\"wpb_wrapper\"><h2 style=\"font-size: 30px;line-height: 40px;text-align: left\" class=\"vc_custom_heading vcr_heading-right\" >Wir bieten das passende Schulungskonzept<\/h2>\n\t<div class=\"wpb_text_column wpb_content_element  vc_custom_1608240143221\" >\n\t\t<div class=\"wpb_wrapper\">\n\t\t\t<div class='dt-sc-small-separator '><\/div>\n\n\t\t<\/div>\n\t<\/div>\n<\/div><\/div><\/div><div class=\"wpb_column vc_column_container vc_col-sm-4\" data-delay=\"0\"><div class=\"vc_column-inner \"><div class=\"wpb_wrapper\"><div class='dt-sc-image-caption   wpb_animate_when_almost_visible wpb_fadeInRight fadeInRight simple-rounded' data-delay='500'><div class='dt-sc-image-wrapper'><img loading=\"lazy\" decoding=\"async\" width=\"1600\" height=\"1067\" src=\"https:\/\/www.atlantis-bildungszentrum.de\/wp-content\/uploads\/2021\/01\/atlantis-bildungszentrum-11.jpg\" class=\"attachment-full\" alt=\"\" title=\"Young collage student using computer and mobile device studying\" srcset=\"https:\/\/www.atlantis-bildungszentrum.de\/wp-content\/uploads\/2021\/01\/atlantis-bildungszentrum-11.jpg 1600w, https:\/\/www.atlantis-bildungszentrum.de\/wp-content\/uploads\/2021\/01\/atlantis-bildungszentrum-11-300x200.jpg 300w, https:\/\/www.atlantis-bildungszentrum.de\/wp-content\/uploads\/2021\/01\/atlantis-bildungszentrum-11-1024x683.jpg 1024w, https:\/\/www.atlantis-bildungszentrum.de\/wp-content\/uploads\/2021\/01\/atlantis-bildungszentrum-11-768x512.jpg 768w, https:\/\/www.atlantis-bildungszentrum.de\/wp-content\/uploads\/2021\/01\/atlantis-bildungszentrum-11-1536x1024.jpg 1536w, https:\/\/www.atlantis-bildungszentrum.de\/wp-content\/uploads\/2021\/01\/atlantis-bildungszentrum-11-960x640.jpg 960w, https:\/\/www.atlantis-bildungszentrum.de\/wp-content\/uploads\/2021\/01\/atlantis-bildungszentrum-11-750x500.jpg 750w, https:\/\/www.atlantis-bildungszentrum.de\/wp-content\/uploads\/2021\/01\/atlantis-bildungszentrum-11-570x380.jpg 570w, https:\/\/www.atlantis-bildungszentrum.de\/wp-content\/uploads\/2021\/01\/atlantis-bildungszentrum-11-600x400.jpg 600w, https:\/\/www.atlantis-bildungszentrum.de\/wp-content\/uploads\/2021\/01\/atlantis-bildungszentrum-11-540x360.jpg 540w\" sizes=\"auto, (max-width: 1600px) 100vw, 1600px\" \/><\/div><div class='dt-sc-image-content'><div class='dt-sc-image-title'><h3>Live-Onlineschulung (Remote)<\/h3><\/div><p>Mit einer Live-Onlineschulung k\u00f6nnen Sie flexibel und ortsunabh\u00e4ngig unsere Kurse von zu Hause aus absolvieren und Ihr Zertifikat &#8211; auch w\u00e4hrend der Corona-Zeit &#8211; erlangen.<\/p><\/div><\/div><\/div><\/div><\/div><div class=\"wpb_column vc_column_container vc_col-sm-4\" data-delay=\"0\"><div class=\"vc_column-inner \"><div class=\"wpb_wrapper\"><div class='dt-sc-image-caption   wpb_animate_when_almost_visible wpb_fadeInRight fadeInRight simple-rounded' data-delay='500'><div class='dt-sc-image-wrapper'><img loading=\"lazy\" decoding=\"async\" width=\"1600\" height=\"1057\" src=\"https:\/\/www.atlantis-bildungszentrum.de\/wp-content\/uploads\/2021\/01\/atlantis-bildungszentrum-19.jpg\" class=\"attachment-full\" alt=\"\" title=\"students and teacher with tablet pc at school\" srcset=\"https:\/\/www.atlantis-bildungszentrum.de\/wp-content\/uploads\/2021\/01\/atlantis-bildungszentrum-19.jpg 1600w, https:\/\/www.atlantis-bildungszentrum.de\/wp-content\/uploads\/2021\/01\/atlantis-bildungszentrum-19-300x198.jpg 300w, https:\/\/www.atlantis-bildungszentrum.de\/wp-content\/uploads\/2021\/01\/atlantis-bildungszentrum-19-1024x676.jpg 1024w, https:\/\/www.atlantis-bildungszentrum.de\/wp-content\/uploads\/2021\/01\/atlantis-bildungszentrum-19-768x507.jpg 768w, https:\/\/www.atlantis-bildungszentrum.de\/wp-content\/uploads\/2021\/01\/atlantis-bildungszentrum-19-1536x1015.jpg 1536w, https:\/\/www.atlantis-bildungszentrum.de\/wp-content\/uploads\/2021\/01\/atlantis-bildungszentrum-19-750x495.jpg 750w, https:\/\/www.atlantis-bildungszentrum.de\/wp-content\/uploads\/2021\/01\/atlantis-bildungszentrum-19-540x357.jpg 540w\" sizes=\"auto, (max-width: 1600px) 100vw, 1600px\" \/><\/div><div class='dt-sc-image-content'><div class='dt-sc-image-title'><h3>Pr\u00e4senzschulungen<\/h3><\/div><p>Mit unseren Pr\u00e4senzschulungen haben Sie die M\u00f6glichkeit unsere Kurse bei einem unserer Schulungsstandorte oder ggf. auch bei Ihnen vor Ort zu absolvieren.<\/p><\/div><\/div><\/div><\/div><\/div><div class=\"wpb_column vc_column_container vc_col-sm-4\" data-delay=\"0\"><div class=\"vc_column-inner \"><div class=\"wpb_wrapper\"><div class='dt-sc-image-caption   wpb_animate_when_almost_visible wpb_fadeInRight fadeInRight simple-rounded' data-delay='500'><div class='dt-sc-image-wrapper'><img loading=\"lazy\" decoding=\"async\" width=\"1600\" height=\"1280\" src=\"https:\/\/www.atlantis-bildungszentrum.de\/wp-content\/uploads\/2021\/01\/atlantis-bildungszentrum-1.jpg\" class=\"attachment-full\" alt=\"\" title=\"Asian woman studying online course, distance education on laptop. Japanese businesswoman\" srcset=\"https:\/\/www.atlantis-bildungszentrum.de\/wp-content\/uploads\/2021\/01\/atlantis-bildungszentrum-1.jpg 1600w, https:\/\/www.atlantis-bildungszentrum.de\/wp-content\/uploads\/2021\/01\/atlantis-bildungszentrum-1-300x240.jpg 300w, https:\/\/www.atlantis-bildungszentrum.de\/wp-content\/uploads\/2021\/01\/atlantis-bildungszentrum-1-1024x819.jpg 1024w, https:\/\/www.atlantis-bildungszentrum.de\/wp-content\/uploads\/2021\/01\/atlantis-bildungszentrum-1-768x614.jpg 768w, https:\/\/www.atlantis-bildungszentrum.de\/wp-content\/uploads\/2021\/01\/atlantis-bildungszentrum-1-1536x1229.jpg 1536w, https:\/\/www.atlantis-bildungszentrum.de\/wp-content\/uploads\/2021\/01\/atlantis-bildungszentrum-1-150x120.jpg 150w, https:\/\/www.atlantis-bildungszentrum.de\/wp-content\/uploads\/2021\/01\/atlantis-bildungszentrum-1-750x600.jpg 750w, https:\/\/www.atlantis-bildungszentrum.de\/wp-content\/uploads\/2021\/01\/atlantis-bildungszentrum-1-540x432.jpg 540w, https:\/\/www.atlantis-bildungszentrum.de\/wp-content\/uploads\/2021\/01\/atlantis-bildungszentrum-1-420x336.jpg 420w\" sizes=\"auto, (max-width: 1600px) 100vw, 1600px\" \/><\/div><div class='dt-sc-image-content'><div class='dt-sc-image-title'><h3>E-Learning (in Bearbeitung)<\/h3><\/div><p>In unserem E-Learning Portal k\u00f6nnen Sie jederzeit und \u00fcberall unsere Kurse absolvieren und bei Fragen gerne \u00fcber den Livechat an uns wenden.<\/p><\/div><\/div><\/div><\/div><\/div><\/div>\n<\/div>","protected":false},"excerpt":{"rendered":"Wir bieten das passende Schulungskonzept Live-Onlineschulung (Remote)Mit einer Live-Onlineschulung k\u00f6nnen Sie flexibel und ortsunabh\u00e4ngig unsere Kurse von zu Hause aus absolvieren und Ihr Zertifikat - auch w\u00e4hrend der Corona-Zeit - erlangen.Pr\u00e4senzschulungenMit unseren Pr\u00e4senzschulungen haben Sie die M\u00f6glichkeit unsere Kurse bei einem unserer Schulungsstandorte oder ggf. auch bei Ihnen vor Ort zu absolvieren.E-Learning (in Bearbeitung)In unserem [...]","protected":false},"author":9,"featured_media":0,"parent":0,"menu_order":0,"comment_status":"closed","ping_status":"closed","template":"","meta":{"footnotes":""},"class_list":["post-92","page","type-page","status-publish","hentry"],"_links":{"self":[{"href":"https:\/\/www.atlantis-bildungszentrum.de\/index.php\/wp-json\/wp\/v2\/pages\/92","targetHints":{"allow":["GET"]}}],"collection":[{"href":"https:\/\/www.atlantis-bildungszentrum.de\/index.php\/wp-json\/wp\/v2\/pages"}],"about":[{"href":"https:\/\/www.atlantis-bildungszentrum.de\/index.php\/wp-json\/wp\/v2\/types\/page"}],"author":[{"embeddable":true,"href":"https:\/\/www.atlantis-bildungszentrum.de\/index.php\/wp-json\/wp\/v2\/users\/9"}],"replies":[{"embeddable":true,"href":"https:\/\/www.atlantis-bildungszentrum.de\/index.php\/wp-json\/wp\/v2\/comments?post=92"}],"version-history":[{"count":0,"href":"https:\/\/www.atlantis-bildungszentrum.de\/index.php\/wp-json\/wp\/v2\/pages\/92\/revisions"}],"wp:attachment":[{"href":"https:\/\/www.atlantis-bildungszentrum.de\/index.php\/wp-json\/wp\/v2\/media?parent=92"}],"curies":[{"name":"wp","href":"https:\/\/api.w.org\/{rel}","templated":true}]}}